{"id":13,"date":"2022-06-02T13:29:51","date_gmt":"2022-06-02T13:29:51","guid":{"rendered":"https:\/\/slottica-casino-login.de\/?page_id=13"},"modified":"2022-06-03T10:26:42","modified_gmt":"2022-06-03T10:26:42","slug":"page","status":"publish","type":"page","link":"https:\/\/slottica-casino-login.de\/","title":{"rendered":"Slottica"},"content":{"rendered":"<div class=\"\" style=\"\" >\n    \n    <section class=\"u-align-left u-clearfix u-image u-shading u-section-2\" src=\"\" data-image-width=\"1440\" data-image-height=\"400\" id=\"sec-7277\" style=\"background-image: linear-gradient(0deg, rgba(0, 0, 0, 0.5), rgba(0, 0, 0, 0.5)), url(&quot;https:\/\/slottica-casino-login.de\/wp-content\/uploads\/2022\/06\/Begruungsbonus-slotticacasino.jpeg&quot;);\">\n      <div class=\"u-clearfix u-sheet u-sheet-1\">\n        <h1 class=\"u-text u-text-default u-title u-text-1\">\n          <span style=\"font-size: 2.25rem;\" class=\"u-text-custom-color-1\"> Begr\u00fc\u00dfungsbonus!<\/span>\n        <\/h1>\n        <p class=\"u-large-text u-text u-text-variant u-text-2\"> Holen Sie sich 300% und 30 FS auf<br>Ihre ersten drei Einzahlungen!<br>\n        <\/p>\n        <a href=\"#\" class=\"u-btn u-button-style u-custom-color-1 u-btn-1\">Spielen<\/a>\n      <\/div>\n    <\/section>\n    <section class=\"u-clearfix u-white u-section-3\" id=\"sec-5151\">\n      <div class=\"u-clearfix u-sheet u-valign-middle-xl u-sheet-1\">\n        <div class=\"u-clearfix u-custom-html u-expanded-width u-custom-html-1\">\n          <h2>Slottica-Kasino<\/h2>\n          <p>Bestbewertetes Casino<\/p>\n          <p><\/p>\n          <ul>\n            <li>Erhalten Sie $1000 Willkommensbonus<\/li>\n            <li>Bietet die gr\u00f6\u00dften progressiven Jackpots online<\/li>\n            <li>Sicher und gesch\u00fctzt durch eCogra und die Malta Gambling Authority<\/li>\n          <\/ul>\n          <p><\/p>\n          <h2>Vollst\u00e4ndige Casino-\u00dcberpr\u00fcfung<\/h2>\n          <p>Slottica Casino ist kein neuer Name in der Gl\u00fccksspielbranche, da es bereits seit 2001 existiert. In all diesen Jahren hat das Casino immer wieder eine gro\u00dfe Anzahl von Spielern angezogen. Einige der Faktoren, die zu seinem Erfolg beigetragen haben, sind Zuverl\u00e4ssigkeit, hohe Tischlimits, Transparenz und nat\u00fcrlich unwiderstehliche Auszahlungen. Die technischen Aspekte dieses Online-Casinos sind ein weiterer Grund f\u00fcr seinen Erfolg. Die Spieler k\u00f6nnen eine Vielzahl von Aktionen mit minimalen Problemen durchf\u00fchren. Aber alles in allem, ist dieses Casino Ihre Zeit und Ihr Geld wert? Lesen Sie den folgenden ausf\u00fchrlichen Bericht \u00fcber das Slottica Casino.<\/p>\n          <h2>Kasino-Bonus<\/h2>\n          <p>Slottica Casino bietet neuen Spielern einen Bonus von 1000 $ f\u00fcr die ersten f\u00fcnf Einzahlungen. Diese Boni sind abh\u00e4ngig von der H\u00f6he der ersten Einzahlung, die Sie setzen, bis zu der f\u00fcnften Einzahlung aufgeteilt. Bei der ersten und f\u00fcnften Einzahlung von bis zu $150 erhalten Sie beispielsweise einen 100%igen Bonus. F\u00fcr die zweite und vierte Einzahlung von bis zu 200 $ erhalten Sie einen 50%igen Bonus. Die dritte Einzahlung von bis zu 300 $ bringt Ihnen einen 25%igen Bonus.<\/p>\n          <p>Um eine Einzahlung zu t\u00e4tigen, m\u00fcssen Sie auf den Banking-Link des Casinos klicken, und Ihr Konto auf der Website wird gutgeschrieben. Diese Boni st\u00e4rken das Selbstvertrauen, besonders f\u00fcr neue Spieler.<\/p>\n          <h2>SLOTTICA CASINO SOFTWARE<\/h2>\n          <p>Slottica Casino ist ein Online-Casino, das dank der Verwendung von HTML5-Technologie sofortiges Spielen bietet. Das Casino ist ein softwarebasiertes Casino, das mit einigen der weltweit f\u00fchrenden Entwickler zusammenarbeitet:<\/p>\n          <p><\/p>\n          <ul>\n            <li>Playson<\/li>\n            <li>Igrosoft<\/li>\n            <li>Microgaming<\/li>\n            <li>BetSoft<\/li>\n            <li>VIVO Gaming<\/li>\n          <\/ul>\n          <h3>SPIELE IM SLOTTICA CASINO<\/h3>\n          <p>Slottica Casino, gibt es eine ausgezeichnete Auswahl an Spielen, die in Kategorien unterteilt sind, k\u00f6nnen Sie Poker, Video Poker, Spiele mit Live-Dealer, Spiele mit progressiven Jackpots, eine Menge von Tischspielen und andere Spiele spielen. Solche Anbieter wie Microgaming, Evolution Gaming, BetSoft, VIVO Gaming, xProGaming, pr\u00e4sentieren die Spiele.<\/p>\n          <p><\/p>\n          <ul>\n            <li>Empfohlen<\/li>\n            <li>Anbieter<\/li>\n            <li>A-Z (alphabetisch geordnet)<\/li>\n            <li>Top-Damen<\/li>\n            <li>Neue Spiele<\/li>\n          <\/ul>\n        <\/div>\n      <\/div>\n    <\/section>\n    <section class=\"u-clearfix u-white u-section-4\" id=\"sec-e043\">\n      <div class=\"u-clearfix u-sheet u-valign-middle-lg u-valign-middle-md u-valign-middle-sm u-valign-middle-xs u-sheet-1\">\n        <div class=\"u-clearfix u-custom-html u-expanded-width u-custom-html-1\">\n          <h2>Spiel-Software<\/h2>\n          <p>Slottica Casino wird mit der beliebten Microgaming-Software betrieben. Dies ist eine hochmoderne Software, die die meisten Online-Spiele und Casinos unterst\u00fctzt, und sie ist f\u00fcr ihre Zuverl\u00e4ssigkeit bekannt. Slottica Casino ist f\u00fcr Spieler sowohl im Sofortspiel als auch in herunterladbaren Formen verf\u00fcgbar. Es ist jedoch immer ratsam, sich eine herunterladbare Version zu besorgen, da die Version der Speicheranwendung des Spiels toleranter gegen\u00fcber externen Faktoren wie Internetst\u00f6rungen ist.<\/p>\n          <p>Neben der Optimierung der Funktionalit\u00e4ten bietet Microgaming leistungsstarke Grafiken, die benutzerfreundlich sind. Sie k\u00f6nnen leicht navigieren und klicken Sie auf die verschiedenen Links auf der Website ohne ein Problem. Die Tatsache, dass Microgaming mehr als 400 Millionen Spiele betreibt, ist einer der Gr\u00fcnde, warum Sie Slottica Casino vertrauen sollten.<\/p>\n          <h2>Spiel-Auswahl<\/h2>\n          <p>Slottica Casino bietet eine Vielzahl von Spielen, aus denen die Spieler w\u00e4hlen k\u00f6nnen. Es gibt insgesamt 550 hochwertige Spiele, die sich durch hervorragende Grafiken und einfach zu bedienende Kontrollmechanismen auszeichnen. Sie k\u00f6nnen jedes Spiel w\u00e4hlen, das Ihrem Geschmack und Ihren W\u00fcnschen entspricht. Hier ist eine \u00dcbersicht \u00fcber die beliebtesten Spiele im Slottica Casino.<\/p>\n          <ul>\n            <li>Spielautomaten: Im Casino gibt es verschiedene Arten von Spielautomaten, die f\u00fcr alle Spielertypen geeignet sind, unabh\u00e4ngig von ihrem Spielniveau.<\/li>\n            <li>Blackjack: Das Casino bietet klassische Blackjack-Spiele, darunter das amerikanische und das europ\u00e4ische Blackjack.<\/li>\n            <li>Roulette: Das Slottica Casino bietet eine gro\u00dfe Auswahl an Roulettespielen.<\/li>\n            <li>Video-Poker<\/li>\n            <li>Progressive Jackpots<\/li>\n          <\/ul>\n          <p>Die Sammlung ist f\u00fcr jeden begeisterten Spieler geeignet, der in einem Online-Casino das gro\u00dfe Geld machen m\u00f6chte.<\/p>\n          <h3>SLOTTICA MOBILE CASINO<\/h3>\n          <p>Lucky Draw Casino MobileW\u00e4hrend das Casino weiter w\u00e4chst und sich t\u00e4glich verbessert, freuen wir uns sehr, s\u00fcdafrikanischen Spielern die M\u00f6glichkeit zu bieten, auf ihren mobilen Bildschirmen zu spielen. Dank modernster HTML5-Technologie wird die Website automatisch an die Gr\u00f6\u00dfe des Bildschirms angepasst, ohne dass die Qualit\u00e4t der Spiele oder die Funktionen und Merkmale beeintr\u00e4chtigt werden. Die Struktur der mobilen Version ist praktisch unver\u00e4ndert, aber dennoch leicht unterschiedlich. Slottica Casino ist kompatibel mit Plattformen wie:<\/p>\n          <ul>\n            <li>Android&nbsp;<\/li>\n            <li>iOS<\/li>\n            <li>Windows Phone<\/li>\n          <\/ul>\n          <p>Sie k\u00f6nnen von jedem Browser aus zugreifen: Mozilla Firefox, Safari, Google Chrome, Opera und andere. Sie k\u00f6nnen von Ihrem Handy, Tablet, iPad, Qualit\u00e4t in HD spielen, alles was Sie brauchen ist ein gutes Internet oder 4G. S\u00fcdafrikanische Spieler werden in der Lage sein, die gro\u00dfen Mobilfunkanbieter zu nutzen: Vodacom, Virgin Mobile, MTN, Cell C und Telkom. In Bezug auf die Spiele k\u00f6nnen die Spieler Slots sowie Tischspiele, andere Spiele, Live-Dealer-Spiele und Jackpots von der mobilen Version spielen.<\/p>\n          <p>Beliebte Spiele auf dem Handy bei Slottica Casino:<\/p>\n          <ul>\n            <li>Fire Joker<\/li>\n            <li>Buttwrfly Staxx 2<\/li>\n            <li>Book of Gold: Klassiker<\/li>\n            <li>Aztekische Sonne: Halten und Gewinnen<\/li>\n            <li>Hei\u00dfer Scharfmacher 777<\/li>\n            <li>Buch der Sonne Multichance<\/li>\n            <li>Buch der Sonne<\/li>\n          <\/ul>\n          <h2>Lizenzierung<\/h2>\n          <p>Slottica Casino ist von zwei wichtigen Regulierungsbeh\u00f6rden im Vereinigten K\u00f6nigreich lizenziert. Die erste Beh\u00f6rde ist die United Kingdom Gambling Commission (UKGC), eine seri\u00f6se Aufsichtsbeh\u00f6rde in der Branche, die f\u00fcr ihre hohen Standards bekannt ist. Die UKGC stellt sicher, dass alle Fragen, die sich in Bezug auf das Verhalten eines Online-Gl\u00fccksspielunternehmens stellen, gut gekl\u00e4rt werden.<\/p>\n          <p>Die andere Beh\u00f6rde, die Slottica Casino lizenziert hat, ist die Malta Gambling Authority. Diese Regulierungsbeh\u00f6rde ist auf die Bearbeitung von Spielerbeschwerden spezialisiert. Sie stellt sicher, dass die Casinos ihre Angelegenheiten perfekt regeln, vor allem im Umgang mit den Interessen der Kunden.<\/p>\n          <p>Es ist jedoch wichtig zu beachten, dass das Casino nicht f\u00fcr Spieler aus verschiedenen Teilen der Welt, wie z.B. den USA, zug\u00e4nglich ist.<\/p>\n          <h2>Sicherheit<\/h2>\n          <p>Ist das Slottica Casino sicher? Dies ist eine h\u00e4ufige Frage, die sich jeder Spieler stellt, bevor er ein Online-Casino ausprobiert. Slottica Casino geh\u00f6rt zur Casino Rewards Group, einem Franchise-Unternehmen, das mehrere andere erfolgreiche Casinos verwaltet. Dies ist einer der vielen Gr\u00fcnde, warum Sie an die Sicherheit und Vertrauensw\u00fcrdigkeit dieses Casinos glauben sollten. Alle Ihre Einzahlungen werden auf dem Konto sicher sein, und dazu geh\u00f6ren alle pers\u00f6nlichen Daten, die im System sind. Solange Sie im Casino alles tun, was erforderlich ist, werden Sie nicht von rechtlichen Herausforderungen abgeschreckt werden.<\/p>\n          <h2>Kundenbetreuung<\/h2>\n          <p>Slottica Casino hat ein zufriedenstellendes Kundensystem. Eine gro\u00dfe Anzahl von Benutzern hat erkl\u00e4rt, wie sie angemessene Unterst\u00fctzung vom Team erhalten haben. Sie bieten ihre Unterst\u00fctzung durch verschiedene Plattformen wie E-Mail. Das Beste an ihnen ist, dass Nachrichten von Kunden immer fast sofort beantwortet werden, nachdem Sie Ihre Anfrage gestellt haben.<\/p>\n          <h2>Fazit<\/h2>\n          <p>Sind Sie bereit, in die Welt des Online-Casinos einzutauchen? Probieren Sie Slottica Casino aus. Das System ist sicher und die Belohnungen sind ziemlich beeindruckend.<\/p>\n        <\/div>\n      <\/div>\n    <\/section>\n    \n    \n    \n  \n<\/div>","protected":false},"excerpt":{"rendered":"<p>Begr\u00fc\u00dfungsbonus! Holen Sie sich 300% und 30 FS aufIhre ersten drei Einzahlungen! Spielen Slottica-Kasino Bestbewertetes Casino Erhalten Sie $1000 Willkommensbonus Bietet die gr\u00f6\u00dften progressiven Jackpots online Sicher und gesch\u00fctzt durch eCogra und die Malta Gambling Authority Vollst\u00e4ndige Casino-\u00dcberpr\u00fcfung Slottica Casino ist kein neuer Name in der Gl\u00fccksspielbranche, da es bereits seit 2001 existiert. In all&hellip; <a class=\"more-link\" href=\"https:\/\/slottica-casino-login.de\/\"><span class=\"screen-reader-text\">Slottica<\/span> weiterlesen<\/a><\/p>\n","protected":false},"author":1,"featured_media":0,"parent":0,"menu_order":0,"comment_status":"closed","ping_status":"closed","template":"","meta":{"footnotes":""},"class_list":["post-13","page","type-page","status-publish","hentry","entry"],"yoast_head":"<!-- This site is optimized with the Yoast SEO plugin v22.2 - https:\/\/yoast.com\/wordpress\/plugins\/seo\/ -->\n<title>Slottica - Slottica<\/title>\n<meta name=\"robots\" content=\"index, follow, max-snippet:-1, max-image-preview:large, max-video-preview:-1\" \/>\n<link rel=\"canonical\" href=\"https:\/\/slottica-casino-login.de\/\" \/>\n<meta property=\"og:locale\" content=\"de_DE\" \/>\n<meta property=\"og:type\" content=\"article\" \/>\n<meta property=\"og:title\" content=\"Slottica - Slottica\" \/>\n<meta property=\"og:description\" content=\"Begr\u00fc\u00dfungsbonus! Holen Sie sich 300% und 30 FS aufIhre ersten drei Einzahlungen! Spielen Slottica-Kasino Bestbewertetes Casino Erhalten Sie $1000 Willkommensbonus Bietet die gr\u00f6\u00dften progressiven Jackpots online Sicher und gesch\u00fctzt durch eCogra und die Malta Gambling Authority Vollst\u00e4ndige Casino-\u00dcberpr\u00fcfung Slottica Casino ist kein neuer Name in der Gl\u00fccksspielbranche, da es bereits seit 2001 existiert. In all&hellip; Slottica weiterlesen\" \/>\n<meta property=\"og:url\" content=\"https:\/\/slottica-casino-login.de\/\" \/>\n<meta property=\"og:site_name\" content=\"Slottica\" \/>\n<meta property=\"article:modified_time\" content=\"2022-06-03T10:26:42+00:00\" \/>\n<meta name=\"twitter:card\" content=\"summary_large_image\" \/>\n<meta name=\"twitter:label1\" content=\"Gesch\u00e4tzte Lesezeit\" \/>\n\t<meta name=\"twitter:data1\" content=\"6\u00a0Minuten\" \/>\n<script type=\"application\/ld+json\" class=\"yoast-schema-graph\">{\"@context\":\"https:\/\/schema.org\",\"@graph\":[{\"@type\":\"WebPage\",\"@id\":\"https:\/\/slottica-casino-login.de\/\",\"url\":\"https:\/\/slottica-casino-login.de\/\",\"name\":\"Slottica - Slottica\",\"isPartOf\":{\"@id\":\"https:\/\/slottica-casino-login.de\/#website\"},\"datePublished\":\"2022-06-02T13:29:51+00:00\",\"dateModified\":\"2022-06-03T10:26:42+00:00\",\"breadcrumb\":{\"@id\":\"https:\/\/slottica-casino-login.de\/#breadcrumb\"},\"inLanguage\":\"de\",\"potentialAction\":[{\"@type\":\"ReadAction\",\"target\":[\"https:\/\/slottica-casino-login.de\/\"]}]},{\"@type\":\"BreadcrumbList\",\"@id\":\"https:\/\/slottica-casino-login.de\/#breadcrumb\",\"itemListElement\":[{\"@type\":\"ListItem\",\"position\":1,\"name\":\"Startseite\",\"item\":\"https:\/\/slottica-casino-login.de\/\"},{\"@type\":\"ListItem\",\"position\":2,\"name\":\"Slottica\"}]},{\"@type\":\"WebSite\",\"@id\":\"https:\/\/slottica-casino-login.de\/#website\",\"url\":\"https:\/\/slottica-casino-login.de\/\",\"name\":\"Slottica\",\"description\":\"Slottica\",\"potentialAction\":[{\"@type\":\"SearchAction\",\"target\":{\"@type\":\"EntryPoint\",\"urlTemplate\":\"https:\/\/slottica-casino-login.de\/?s={search_term_string}\"},\"query-input\":\"required name=search_term_string\"}],\"inLanguage\":\"de\"}]}<\/script>\n<!-- \/ Yoast SEO plugin. -->","yoast_head_json":{"title":"Slottica - Slottica","robots":{"index":"index","follow":"follow","max-snippet":"max-snippet:-1","max-image-preview":"max-image-preview:large","max-video-preview":"max-video-preview:-1"},"canonical":"https:\/\/slottica-casino-login.de\/","og_locale":"de_DE","og_type":"article","og_title":"Slottica - Slottica","og_description":"Begr\u00fc\u00dfungsbonus! Holen Sie sich 300% und 30 FS aufIhre ersten drei Einzahlungen! Spielen Slottica-Kasino Bestbewertetes Casino Erhalten Sie $1000 Willkommensbonus Bietet die gr\u00f6\u00dften progressiven Jackpots online Sicher und gesch\u00fctzt durch eCogra und die Malta Gambling Authority Vollst\u00e4ndige Casino-\u00dcberpr\u00fcfung Slottica Casino ist kein neuer Name in der Gl\u00fccksspielbranche, da es bereits seit 2001 existiert. In all&hellip; Slottica weiterlesen","og_url":"https:\/\/slottica-casino-login.de\/","og_site_name":"Slottica","article_modified_time":"2022-06-03T10:26:42+00:00","twitter_card":"summary_large_image","twitter_misc":{"Gesch\u00e4tzte Lesezeit":"6\u00a0Minuten"},"schema":{"@context":"https:\/\/schema.org","@graph":[{"@type":"WebPage","@id":"https:\/\/slottica-casino-login.de\/","url":"https:\/\/slottica-casino-login.de\/","name":"Slottica - Slottica","isPartOf":{"@id":"https:\/\/slottica-casino-login.de\/#website"},"datePublished":"2022-06-02T13:29:51+00:00","dateModified":"2022-06-03T10:26:42+00:00","breadcrumb":{"@id":"https:\/\/slottica-casino-login.de\/#breadcrumb"},"inLanguage":"de","potentialAction":[{"@type":"ReadAction","target":["https:\/\/slottica-casino-login.de\/"]}]},{"@type":"BreadcrumbList","@id":"https:\/\/slottica-casino-login.de\/#breadcrumb","itemListElement":[{"@type":"ListItem","position":1,"name":"Startseite","item":"https:\/\/slottica-casino-login.de\/"},{"@type":"ListItem","position":2,"name":"Slottica"}]},{"@type":"WebSite","@id":"https:\/\/slottica-casino-login.de\/#website","url":"https:\/\/slottica-casino-login.de\/","name":"Slottica","description":"Slottica","potentialAction":[{"@type":"SearchAction","target":{"@type":"EntryPoint","urlTemplate":"https:\/\/slottica-casino-login.de\/?s={search_term_string}"},"query-input":"required name=search_term_string"}],"inLanguage":"de"}]}},"_links":{"self":[{"href":"https:\/\/slottica-casino-login.de\/index.php?rest_route=\/wp\/v2\/pages\/13","targetHints":{"allow":["GET"]}}],"collection":[{"href":"https:\/\/slottica-casino-login.de\/index.php?rest_route=\/wp\/v2\/pages"}],"about":[{"href":"https:\/\/slottica-casino-login.de\/index.php?rest_route=\/wp\/v2\/types\/page"}],"author":[{"embeddable":true,"href":"https:\/\/slottica-casino-login.de\/index.php?rest_route=\/wp\/v2\/users\/1"}],"replies":[{"embeddable":true,"href":"https:\/\/slottica-casino-login.de\/index.php?rest_route=%2Fwp%2Fv2%2Fcomments&post=13"}],"version-history":[{"count":14,"href":"https:\/\/slottica-casino-login.de\/index.php?rest_route=\/wp\/v2\/pages\/13\/revisions"}],"predecessor-version":[{"id":36,"href":"https:\/\/slottica-casino-login.de\/index.php?rest_route=\/wp\/v2\/pages\/13\/revisions\/36"}],"wp:attachment":[{"href":"https:\/\/slottica-casino-login.de\/index.php?rest_route=%2Fwp%2Fv2%2Fmedia&parent=13"}],"curies":[{"name":"wp","href":"https:\/\/api.w.org\/{rel}","templated":true}]}}